{"id":1616,"date":"2016-05-31T14:37:51","date_gmt":"2016-05-31T12:37:51","guid":{"rendered":"http:\/\/www.francomostacci.it\/?page_id=1616"},"modified":"2016-05-31T14:37:51","modified_gmt":"2016-05-31T12:37:51","slug":"conti-nazionali-trimestrali","status":"publish","type":"page","link":"https:\/\/franco2.linkvalidation.net\/index.php\/conti-nazionali-trimestrali\/","title":{"rendered":"Conti nazionali trimestrali"},"content":{"rendered":"<p>\t\t\t\t(aggiornato il 2 dicembre 2024)<\/p>\n<p><em>Fonte:<\/em><a href=\"http:\/\/www.istat.it\" target=\"_blank\"><strong> Istat<\/strong><\/a><\/p>\n<p style=\"text-align: center;\"><span style=\"text-decoration: underline;\"><em><strong><span style=\"color: #0000ff; text-decoration: underline;\">Terzo trimestre 2024<\/span><\/strong><\/em><\/span><\/p>\n<p><strong>Contributi alla variazione del Pil per aggregato macroeconomico <\/strong>\u2013 2023 e 2024 (valori percentuali)<br \/>\n<a href=\"http:\/\/www.francomostacci.it\/wp-content\/uploads\/2016\/05\/2024T3_Pil_f1.png\"><img loading=\"lazy\" decoding=\"async\" class=\"alignnone size-full wp-image-7206\" src=\"http:\/\/www.francomostacci.it\/wp-content\/uploads\/2016\/05\/2024T3_Pil_f1.png\" alt=\"2024T3_Pil_f1\" width=\"944\" height=\"481\" \/><\/a><\/p>\n<p><strong>Contributi alla variazione del Pil per branca di produzione <\/strong>\u2013 2023 e 2024 (valori percentuali)<br \/>\n<a href=\"http:\/\/www.francomostacci.it\/wp-content\/uploads\/2016\/05\/2024T3_Pil_f2.png\"><img loading=\"lazy\" decoding=\"async\" class=\"alignnone size-full wp-image-7207\" src=\"http:\/\/www.francomostacci.it\/wp-content\/uploads\/2016\/05\/2024T3_Pil_f2.png\" alt=\"2024T3_Pil_f2\" width=\"944\" height=\"500\" \/><\/a><\/p>\n<p style=\"text-align: left;\"><em>Pil in frenata nel terzo trimestre 2024, a conferma della non favorevole comgiuntura. La variazione acquisita \u00e8 di +0,5% e l&#8217;obiettivo annuale di +1% fissato nel Def e confermato nel Piano strutturale di bilancio dello scorso settembre appare irraggiungibile.<\/em><em><strong><br \/>\n<\/strong><\/em><\/p>\n<p style=\"text-align: left;\"><em>Il Pil nominale, quello che viene preso a riferimento per i rapporti fondamentali sui conti pubblici, \u00e8 aumentato di 0,7% rispetto al trimestre precedente, ma \u00e8 dovuto solo all&#8217;aumento\u00a0 del deflatore (+0,8%), mentre il Pil reale \u00e8 rinasto invariato.<\/em><\/p>\n<p style=\"text-align: left;\"><em>In entrambi i casi si parla di serie destagionalizzate e corrette per il numero di giornate lavorative.<\/em><\/p>\n<p><em>La scomposizione della crescita tra gli aggregati macroeconomici, mostra un aumento soprattutto del contributo imputabile ai consumi (+0,8%) e alle scorte (+0,1%), con gli investimenti negativi (-0,3%), come anche la domanda estera <\/em><em>netta che cede lo 0,6%, dovuto in parti uguali all&#8217;aumento delle importazioni e al calo delle esportazioni.\u00a0 <\/em><\/p>\n<p><em>L&#8217;analisi per branca produttrice fa registrare una crescita moderata dei Servizi (+0,12), trainata dal settore del commercio, trasporti e alloggi (+0,29%). Un contributo appena positivo \u00e8 ancora ascrivibile alle costruzioni (+0,02%) mentre scende l&#8217;industria in senso stretto (-0,17%), con l&#8217;agricoltura ininfluente.<br \/>\n<\/em><\/p>\n<p><em><strong><span style=\"color: #0000ff;\"><span style=\"color: #ff6600;\">###################################################<\/span><\/span><\/strong><\/em><\/p>\n<p style=\"text-align: center;\"><span style=\"text-decoration: underline;\"><em><strong><span style=\"color: #0000ff; text-decoration: underline;\">Secondo trimestre 2024<\/span><\/strong><\/em><\/span><\/p>\n<p><strong>Contributi alla variazione del Pil per aggregato macroeconomico <\/strong>\u2013 2023 e 2024 (valori percentuali)<br \/>\n<a href=\"http:\/\/www.francomostacci.it\/wp-content\/uploads\/2016\/05\/2024T2_Pil_f1.png\"><img loading=\"lazy\" decoding=\"async\" class=\"alignnone size-full wp-image-7091\" src=\"http:\/\/www.francomostacci.it\/wp-content\/uploads\/2016\/05\/2024T2_Pil_f1.png\" alt=\"2024T2_Pil_f1\" width=\"944\" height=\"457\" \/><\/a><\/p>\n<p><strong>Contributi alla variazione del Pil per branca di produzione <\/strong>\u2013 2023 e 2024 (valori percentuali)<br \/>\n<a href=\"http:\/\/www.francomostacci.it\/wp-content\/uploads\/2016\/05\/2024T2_Pil_f2.png\"><img loading=\"lazy\" decoding=\"async\" class=\"alignnone size-full wp-image-7092\" src=\"http:\/\/www.francomostacci.it\/wp-content\/uploads\/2016\/05\/2024T2_Pil_f2.png\" alt=\"2024T2_Pil_f2\" width=\"944\" height=\"476\" \/><\/a><\/p>\n<p style=\"text-align: left;\"><em>Nonostante il risultato positivo, l&#8217;aumento del Pil nel secondo trimestre 2024, mostra segnali poco incoraggianti. La variazione acquisita \u00e8 di +0,6% e non \u00e8 sicuramente compromesso l&#8217;obiettivo annuale di +1% fissato dal Def.<\/em><em><strong><br \/>\n<\/strong><\/em><\/p>\n<p style=\"text-align: left;\"><em>Desta per\u00f2 preoccupazione il calo del Pil nominale, quello che viene preso a riferimento per i rapporti fondamentali sui conti pubblici, che \u00e8 sceso di -0,4% rispetto al trimestre precedente.<\/em><\/p>\n<p style=\"text-align: left;\"><em>Il lieve aumento del Pil reale (+0,2%), \u00e8 dovuto quindi solo alla diminuzione del deflatore che \u00e8 sceso di mezzo punto percentuale, causato in particolare dalla riduzione di 2,1% dei prezzi dei beni e servizi acquistati dalla pubblica amministrazione e di 0,8% dell&#8217;acquisto di abitazioni.<\/em><\/p>\n<p style=\"text-align: left;\"><em>In entrambi i casi si parla di serie destagionalizzate e corrette per il numero di giornate lavorative.<\/em><\/p>\n<p><em>La scomposizione della crescita tra gli aggregati macroeconomici, mostra poi un aumento soprattutto del contributo imputabile alle scorte (+0,4%), con gli investimenti appena positivi (+0,1%), i consumi invariati e la<\/em><em> domanda estera netta che cede lo 0,3%, con le esportazioni in forte calo (-0,5%).\u00a0 <\/em><\/p>\n<p><em>L&#8217;analisi per branca produttrice evidenzia una crescita in prevalenza dovuta ai Servizi (+0,3), tra cui il settore del commercio, trasporti e alloggi (+0,1%) e le attivit\u00e0 immobiliari (+0,1%). Un contributo appena positivo \u00e8 ancora ascrivibile alle costruzioni (+0,03%) mentre scende l&#8217;industria in senso stretto (-0,13%), come in lieve calo \u00e8 anche l&#8217;agricoltura (-0,03%).<br \/>\n<\/em><\/p>\n<p><em><strong><span style=\"color: #0000ff;\"><span style=\"color: #ff6600;\">###################################################<\/span><\/span><\/strong><\/em><\/p>\n<p style=\"text-align: center;\"><span style=\"text-decoration: underline;\"><em><strong><span style=\"color: #0000ff; text-decoration: underline;\">Primo trimestre 2024<\/span><\/strong><\/em><\/span><\/p>\n<p><strong>Contributi alla variazione del Pil per aggregato macroeconomico <\/strong>\u2013 2023 e 2024 (valori percentuali)<br \/>\n<a href=\"http:\/\/www.francomostacci.it\/wp-content\/uploads\/2016\/05\/2024T1_Pil_f1.png\"><img loading=\"lazy\" decoding=\"async\" class=\"alignnone size-full wp-image-6963\" src=\"http:\/\/www.francomostacci.it\/wp-content\/uploads\/2016\/05\/2024T1_Pil_f1.png\" alt=\"2024T1_Pil_f1\" width=\"944\" height=\"433\" \/><\/a><\/p>\n<p><strong>Contributi alla variazione del Pil per branca di produzione <\/strong>\u2013 2023 e 2024 (valori percentuali)<br \/>\n<a href=\"http:\/\/www.francomostacci.it\/wp-content\/uploads\/2016\/05\/2024T1_Pil_f2.png\"><img loading=\"lazy\" decoding=\"async\" class=\"alignnone size-full wp-image-6964\" src=\"http:\/\/www.francomostacci.it\/wp-content\/uploads\/2016\/05\/2024T1_Pil_f2.png\" alt=\"2024T1_Pil_f2\" width=\"944\" height=\"452\" \/><\/a><\/p>\n<p style=\"text-align: left;\"><em>Buon avvio di anno per il Pil che nel primo trimestre 2024 \u00e8 cresciuto di 0,3%, con una variazione acquisita gi\u00e0 di +0,6%, a fronte di un obiettivo annuale di +1% fissato dal Def.<\/em><em><strong><br \/>\n<\/strong><\/em><\/p>\n<p style=\"text-align: left;\"><em>Il Pil nominale, quello che viene preso a riferimento per i rapporti fondamentali sui conti pubblici, \u00e8 aumentato di +1%, con il deflatore in rallentamento a +0,7%.<\/em><\/p>\n<p style=\"text-align: left;\"><em>In entrambi i casi si parla di serie destagionalizzate e corrette per il numero di giornate lavorative.<\/em><\/p>\n<p><em>La scomposizione della crescita tra gli aggregati macroeconomici, mostra un aumento dei consumi privati (+0,2%), degli investimenti (+0,2%), ma soprattutto della domanda estera netta (+0,7%), imputabile a un calo delle importazioni maggiore dell&#8217;aumento delle esportazioni.\u00a0 Il contributo dovuto alle scorte \u00e8 negativo (-0,7%).<br \/>\n<\/em><\/p>\n<p><em>L&#8217;analisi per branca produttrice evidenzia una crescita in prevalenza imputabile ai Servizi (+0,2), tra cui le attivit\u00e0 finanziarie e assicurative (+0,1%) e le altre attivit\u00e0 (+0,1%), mentre \u00e8 in lieve calo il settore del commercio, trasporti e alloggi. Un contributo positivo \u00e8 ancora ascrivibile alle costruzioni (+0,15%) mentre scende l&#8217;industria in senso stretto (-0,06%). Poco sopra lo zero anche l&#8217;agricoltura (+0,06%).<br \/>\n<\/em><\/p>\n<p><em><strong><span style=\"color: #0000ff;\"><span style=\"color: #ff6600;\">###################################################<\/span><\/span><\/strong><\/em><\/p>\n<p style=\"text-align: center;\"><span style=\"text-decoration: underline;\"><em><strong><span style=\"color: #0000ff; text-decoration: underline;\">Quarto trimestre 2023<\/span><\/strong><\/em><\/span><\/p>\n<p><strong>Contributi alla variazione del Pil per aggregato macroeconomico <\/strong>\u2013 2022 e 2023 (valori percentuali)<br \/>\n<a href=\"http:\/\/www.francomostacci.it\/wp-content\/uploads\/2016\/05\/2023T4_Pilf1.png\"><img loading=\"lazy\" decoding=\"async\" class=\"alignnone size-large wp-image-6778\" src=\"http:\/\/www.francomostacci.it\/wp-content\/uploads\/2016\/05\/2023T4_Pilf1-1024x569.png\" alt=\"2023T4_Pilf1\" width=\"474\" height=\"263\" \/><\/a><\/p>\n<p><strong>Contributi alla variazione del Pil per branca di produzione <\/strong>\u2013 2022 e 2023 (valori percentuali)<br \/>\n<a href=\"http:\/\/www.francomostacci.it\/wp-content\/uploads\/2016\/05\/2023T4_Pilf2.png\"><img loading=\"lazy\" decoding=\"async\" class=\"alignnone size-large wp-image-6779\" src=\"http:\/\/www.francomostacci.it\/wp-content\/uploads\/2016\/05\/2023T4_Pilf2-1024x569.png\" alt=\"2023T4_Pilf2\" width=\"474\" height=\"263\" \/><\/a><\/p>\n<p style=\"text-align: left;\"><em>Nel quarto trimestre 2023 il Pil \u00e8 salito di 0,2%, confermando la variazione stimata con la stima flash.<\/em><em><strong><br \/>\n<\/strong><\/em><\/p>\n<p style=\"text-align: left;\"><em>Il Pil nominale, quello che viene preso a riferimento per i rapporti fondamentali sui conti pubblici, \u00e8 aumentato di 0,7%, con un deflatore in crescita di +0,5%.<\/em><\/p>\n<p style=\"text-align: left;\"><em>In entrambi i casi si parla di serie destagionalizzate e corrette per il numero di giornate lavorative, che nel 2023 sono state 298, 2 in meno dell&#8217;anno precedente.<br \/>\n<\/em><\/p>\n<p><em>La scomposizione della crescita tra gli aggregati macroeconomici, mostra un calo dei consumi privati (-0,7%), compensato da una crescita degli investimenti (+0,5%) e della domanda estera netta (+0,3%), imputabile a un deciso aumento delle esportazioni. Invariate le scorte.<br \/>\n<\/em><\/p>\n<p><em>L&#8217;analisi per branca produttrice evidenzia una crescita delle sole costruzioni (+0,23%), mentre \u00e8 nullo l&#8217;apporto dell&#8217;agricoltura e dell&#8217;industria in senso stretto. Leggermente in negativo i servizi e in particolare commercio, trasporto, alloggio, ristorazione (-0,08%).<br \/>\n<\/em><\/p>\n<p><em><strong><span style=\"color: #0000ff;\"><span style=\"color: #ff6600;\">###################################################<\/span><\/span><\/strong><\/em><\/p>\n<p style=\"text-align: center;\"><span style=\"text-decoration: underline;\"><em><strong><span style=\"color: #0000ff; text-decoration: underline;\">Terzo trimestre 2023<\/span><\/strong><\/em><\/span><\/p>\n<p><strong>Contributi alla variazione del Pil per aggregato macroeconomico <\/strong>\u2013 2022 e 2023 (valori percentuali)<br \/>\n<a href=\"http:\/\/www.francomostacci.it\/wp-content\/uploads\/2016\/05\/2023T3_Pilf1.png\"><img loading=\"lazy\" decoding=\"async\" class=\"alignnone size-full wp-image-6618\" src=\"http:\/\/www.francomostacci.it\/wp-content\/uploads\/2016\/05\/2023T3_Pilf1.png\" alt=\"2023T3_Pilf1\" width=\"944\" height=\"505\" \/><\/a><\/p>\n<p><strong>Contributi alla variazione del Pil per branca di produzione <\/strong>\u2013 2022 e 2023 (valori percentuali)<br \/>\n<a href=\"http:\/\/www.francomostacci.it\/wp-content\/uploads\/2016\/05\/2023T3_Pilf2.png\"><img loading=\"lazy\" decoding=\"async\" class=\"alignnone size-full wp-image-6619\" src=\"http:\/\/www.francomostacci.it\/wp-content\/uploads\/2016\/05\/2023T3_Pilf2.png\" alt=\"2023T3_Pilf2\" width=\"944\" height=\"524\" \/><\/a><\/p>\n<p style=\"text-align: left;\"><em>Nel terzo trimestre 2023 il Pil \u00e8 risalito di 0,1%, con una revisione al rialzo di un punto decimale rispetto alla stima flash (nessuna variazione).<\/em><em><strong><br \/>\n<\/strong><\/em><\/p>\n<p style=\"text-align: left;\"><em>Il Pil nominale, quello che viene preso a riferimento per i rapporti fondamentali sui conti pubblici, \u00e8 aumentato di 0,9%, con un deflatore in crescita di +0,8%.<\/em><\/p>\n<p style=\"text-align: left;\"><em>In entrambi i casi si parla di serie destagionalizzate e corrette per il numero di giornate lavorative.<\/em><\/p>\n<p><em>La scomposizione della crescita tra gli aggregati macroeconomici, mostra un aumento dei consumi privati (+0,4%) e della domanda estera netta (+0,9%), imputabile a un calo delle importazioni e a un leggero aumento delle esportazioni, con gli investimenti invariati. A ridursi sono invece le scorte (-1,2%).<br \/>\n<\/em><\/p>\n<p><em>L&#8217;analisi per branca produttrice evidenzia una lieve crescita sia dell&#8217;Industria, da suddividere in parti uguali tra industria in senso stretto e costruzioni, sia dei Servizi. Nullo l&#8217;apporto dell&#8217;agricoltura.<br \/>\n<\/em><\/p>\n<p><em><strong><span style=\"color: #0000ff;\"><span style=\"color: #ff6600;\">###################################################<\/span><\/span><\/strong><\/em><\/p>\n<p style=\"text-align: center;\"><span style=\"text-decoration: underline;\"><em><strong><span style=\"color: #0000ff; text-decoration: underline;\">Secondo trimestre 2023<\/span><\/strong><\/em><\/span><\/p>\n<p><strong>Contributi alla variazione del Pil per aggregato macroeconomico <\/strong>\u2013 2022 e 2023 (valori percentuali)<br \/>\n<a href=\"http:\/\/www.francomostacci.it\/wp-content\/uploads\/2016\/05\/2023T2_Pilf1.png\"><img loading=\"lazy\" decoding=\"async\" class=\"alignnone size-full wp-image-6471\" src=\"http:\/\/www.francomostacci.it\/wp-content\/uploads\/2016\/05\/2023T2_Pilf1.png\" alt=\"2023T2_Pilf1\" width=\"944\" height=\"505\" \/><\/a><\/p>\n<p><strong>Contributi alla variazione del Pil per branca di produzione <\/strong>\u2013 2022 e 2023 (valori percentuali)<br \/>\n<a href=\"http:\/\/www.francomostacci.it\/wp-content\/uploads\/2016\/05\/2023T2_Pilf2.png\"><img loading=\"lazy\" decoding=\"async\" class=\"alignnone size-full wp-image-6472\" src=\"http:\/\/www.francomostacci.it\/wp-content\/uploads\/2016\/05\/2023T2_Pilf2.png\" alt=\"2023T2_Pilf2\" width=\"944\" height=\"523\" \/><\/a><\/p>\n<p style=\"text-align: left;\"><em>Nel secondo trimestre 2023 il Pil \u00e8 diminuito di 0,4%, con una revisione al ribasso di un punto decimale rispetto alla stima flash (-0,3%).<\/em><em><strong><br \/>\n<\/strong><\/em><\/p>\n<p style=\"text-align: left;\"><em>Il Pil nominale, quello che viene preso a riferimento per i rapporti fondamentali sui conti pubblici, \u00e8 diminuito anch&#8217;esso di 0,4%, con un deflatore nullo.<\/em><\/p>\n<p style=\"text-align: left;\"><em>In entrambi i casi si parla di serie destagionalizzate e corrette per il numero di giornate lavorative.<\/em><\/p>\n<p><em>La scomposizione della crescita tra gli aggregati macroeconomici, mostra una tenuta dei consumi privati, un calo di quelli pubblici (-0,3%) e degli investimenti (-0,4%), mentre \u00e8 invariata la domanda estera netta (-0,2%), imputabile a un calo in uguale misura delle esportazioni e delle importazioni. Positivo solo il contributo dovuto alle scorte (+0,3%).<br \/>\n<\/em><\/p>\n<p><em>L&#8217;analisi per branca produttrice evidenzia una contrazione imputabile soprattutto all&#8217;Industria (-0,3%), da suddividere in parti uguali tra industria in senso stretto e costruzioni. In calo anche i Servizi (-0,1%), tra cui le attivit\u00e0 professionali e di supporto (-0,11%) e commercio, trasporto, alloggio (-0,08%). Nullo l&#8217;apporto dell&#8217;agricoltura.<br \/>\n<\/em><\/p>\n<p><em><strong><span style=\"color: #0000ff;\"><span style=\"color: #ff6600;\">###################################################<\/span><\/span><\/strong><\/em><\/p>\n<p style=\"text-align: center;\"><span style=\"text-decoration: underline;\"><em><strong><span style=\"color: #0000ff; text-decoration: underline;\">Primo trimestre 2023<\/span><\/strong><\/em><\/span><\/p>\n<p><strong>Contributi alla variazione del Pil per aggregato macroeconomico <\/strong>\u2013 2022 e 2023 (valori percentuali)<br \/>\n<a href=\"http:\/\/www.francomostacci.it\/wp-content\/uploads\/2016\/05\/2023T1_Pilf1.png\"><img loading=\"lazy\" decoding=\"async\" class=\"alignnone size-large wp-image-6331\" src=\"http:\/\/www.francomostacci.it\/wp-content\/uploads\/2016\/05\/2023T1_Pilf1-1024x569.png\" alt=\"2023T1_Pilf1\" width=\"474\" height=\"263\" \/><\/a><\/p>\n<p><strong>Contributi alla variazione del Pil per branca di produzione <\/strong>\u2013 2022 e 2023 (valori percentuali)<br \/>\n<a href=\"http:\/\/www.francomostacci.it\/wp-content\/uploads\/2016\/05\/2023T1_Pilf2.png\"><img loading=\"lazy\" decoding=\"async\" class=\"alignnone size-large wp-image-6332\" src=\"http:\/\/www.francomostacci.it\/wp-content\/uploads\/2016\/05\/2023T1_Pilf2-1024x569.png\" alt=\"2023T1_Pilf2\" width=\"474\" height=\"263\" \/><\/a><\/p>\n<p style=\"text-align: left;\"><em>Nel primo trimestre 2023 il Pil \u00e8 cresciuto di 0,6%, con una revisione al rialzo di un punto decimale rispetto alla stima flash (+0,5%).<\/em><em><strong><br \/>\n<\/strong><\/em><\/p>\n<p style=\"text-align: left;\"><em>Il Pil nominale, quello che viene preso a riferimento per i rapporti fondamentali sui conti pubblici, \u00e8 aumentato di 2,3%, con il deflatore ancora in aumento (+1,7%).<\/em><\/p>\n<p style=\"text-align: left;\"><em>In entrambi i casi si parla di serie destagionalizzate e corrette per il numero di giornate lavorative.<\/em><\/p>\n<p><em>La scomposizione della crescita tra gli aggregati macroeconomici, mostra un aumento dei consumi (+0,5%) sia privati (+0,3%) che pubblici (+0,2%) e degli investimenti (+0,2%), mentre scende la domanda estera netta (-0,2%), imputabile a un calo delle esportazioni maggiore di quello delle importazioni. Nullo il contributo dovuto alle scorte.<br \/>\n<\/em><\/p>\n<p><em>L&#8217;analisi per branca produttrice evidenzia una crescita quasi esclusivamente imputabile ai Servizi (+0,5%), tra cui le attivit\u00e0 immobiliari (+0,3%), quelle professionali e di supporto (+0,28%) e le altre attivit\u00e0 (+0,19%), mentre diminuiscono quelle finanziarie e assicurative (-0,12%) e la pubblica amministrazione (-0,10%). Un contributo appena positivo \u00e8 ancora ascrivibile alle costruzioni (+0,07%) mentre scende l&#8217;industria in senso stretto (-0,03%). Nullo l&#8217;apporto dell&#8217;agricoltura.<br \/>\n<\/em><\/p>\n<p><em><strong><span style=\"color: #0000ff;\"><span style=\"color: #ff6600;\">###################################################<\/span><\/span><\/strong><\/em><\/p>\n<p><a href=\"http:\/\/www.francomostacci.it\/wp-content\/uploads\/2020\/10\/ContinazionaliT2022.pdf\" target=\"_blank\"><strong>Conti nazionali trimestrali 2022<\/strong><\/a><\/p>\n<p><a href=\"http:\/\/www.francomostacci.it\/wp-content\/uploads\/2020\/10\/ContinazionaliT2021.pdf\" target=\"_blank\"><strong>Conti nazionali trimestrali 2021<\/strong><\/a><\/p>\n<p><a href=\"http:\/\/www.francomostacci.it\/wp-content\/uploads\/2016\/05\/ContinazionaliT2020.pdf\" target=\"_blank\"><strong>Conti nazionali trimestrali 2020<\/strong><\/a><\/p>\n<p><a href=\"http:\/\/www.francomostacci.it\/wp-content\/uploads\/2016\/05\/ContinazionaliT2019.pdf\" target=\"_blank\"><strong>Conti nazionali trimestrali 2019<\/strong><\/a><\/p>\n<p><a href=\"http:\/\/www.francomostacci.it\/wp-content\/uploads\/2016\/05\/ContinazionaliT2018.pdf\" target=\"_blank\"><strong>Conti nazionali trimestrali 2018<\/strong><\/a><\/p>\n<p><a href=\"http:\/\/www.francomostacci.it\/wp-content\/uploads\/2016\/05\/ContinazionaliT2017.pdf\" target=\"_blank\"><strong>Conti nazionali trimestrali 2017<\/strong><\/a><\/p>\n<p><strong><a href=\"http:\/\/www.francomostacci.it\/wp-content\/uploads\/2016\/05\/ContinazionaliT2016.pdf\" target=\"_blank\">Conti nazionali trimestrali 2016<\/a><\/strong><\/p>\n<p>&nbsp;\t\t<\/p>\n","protected":false},"excerpt":{"rendered":"<p>(aggiornato il 2 dicembre 2024) Fonte: Istat Terzo trimestre 2024 Contributi alla variazione del Pil per aggregato macroeconomico \u2013 2023 e 2024 (valori percentuali) Contributi alla variazione del Pil per branca di produzione \u2013 2023 e 2024 (valori percentuali) Pil in frenata nel terzo trimestre 2024, a conferma della non favorevole comgiuntura. La variazione acquisita [&hellip;]<\/p>\n","protected":false},"author":1,"featured_media":0,"parent":0,"menu_order":0,"comment_status":"closed","ping_status":"closed","template":"","meta":{"_et_pb_use_builder":"","_et_pb_old_content":"","_et_gb_content_width":"","footnotes":""},"class_list":["post-1616","page","type-page","status-publish","hentry"],"_links":{"self":[{"href":"https:\/\/franco2.linkvalidation.net\/index.php\/wp-json\/wp\/v2\/pages\/1616","targetHints":{"allow":["GET"]}}],"collection":[{"href":"https:\/\/franco2.linkvalidation.net\/index.php\/wp-json\/wp\/v2\/pages"}],"about":[{"href":"https:\/\/franco2.linkvalidation.net\/index.php\/wp-json\/wp\/v2\/types\/page"}],"author":[{"embeddable":true,"href":"https:\/\/franco2.linkvalidation.net\/index.php\/wp-json\/wp\/v2\/users\/1"}],"replies":[{"embeddable":true,"href":"https:\/\/franco2.linkvalidation.net\/index.php\/wp-json\/wp\/v2\/comments?post=1616"}],"version-history":[{"count":0,"href":"https:\/\/franco2.linkvalidation.net\/index.php\/wp-json\/wp\/v2\/pages\/1616\/revisions"}],"wp:attachment":[{"href":"https:\/\/franco2.linkvalidation.net\/index.php\/wp-json\/wp\/v2\/media?parent=1616"}],"curies":[{"name":"wp","href":"https:\/\/api.w.org\/{rel}","templated":true}]}}