{"id":873,"date":"2015-01-15T15:41:16","date_gmt":"2015-01-15T14:41:16","guid":{"rendered":"http:\/\/www.francomostacci.it\/?page_id=873"},"modified":"2015-01-15T15:41:16","modified_gmt":"2015-01-15T14:41:16","slug":"conti-pubblici-trimestrali","status":"publish","type":"page","link":"https:\/\/franco2.linkvalidation.net\/index.php\/conti-pubblici-trimestrali\/","title":{"rendered":"Conti pubblici trimestrali"},"content":{"rendered":"<p>\t\t\t\t(aggiornato il 4 gennaio 2025)<\/p>\n<p><em>Fonte:<\/em><a href=\"http:\/\/www.istat.it\/it\/archivio\/163350\" target=\"_blank\"><strong> Istat<\/strong><\/a><\/p>\n<p style=\"text-align: center;\"><span style=\"text-decoration: underline;\"><em><strong><span style=\"color: #0000ff; text-decoration: underline;\">Terzo trimestre 2024<\/span><\/strong><\/em><\/span><\/p>\n<p><strong>Dati trimestrali di finanza pubblica <\/strong>\u2013 2023 e\u00a0primi tre trimestri 2024 (milioni di euro)<br \/>\n<a href=\"http:\/\/www.francomostacci.it\/wp-content\/uploads\/2015\/01\/2024T3_ContiPA_T.png\"><img loading=\"lazy\" decoding=\"async\" class=\"alignnone size-full wp-image-7267\" src=\"http:\/\/www.francomostacci.it\/wp-content\/uploads\/2015\/01\/2024T3_ContiPA_T.png\" alt=\"2024T3_ContiPA_T\" width=\"712\" height=\"212\" \/><\/a><\/p>\n<p><strong>Dati trimestrali annualizzati(*) di finanza pubblica <\/strong>\u2013 2023 e\u00a0primi tre trimestri 2024 (milioni di euro)<br \/>\n<a href=\"http:\/\/www.francomostacci.it\/wp-content\/uploads\/2015\/01\/2024T3_ContiPA_A.png\"><img loading=\"lazy\" decoding=\"async\" class=\"alignnone size-full wp-image-7268\" src=\"http:\/\/www.francomostacci.it\/wp-content\/uploads\/2015\/01\/2024T3_ContiPA_A.png\" alt=\"2024T3_ContiPA_A\" width=\"712\" height=\"230\" \/><\/a><br \/>\n<em><span style=\"font-size: x-small;\">(*)Il valore annualizzato \u00e8 la somma degli ultimi 4 trimestri (a T4 coincide con il dato annuale).<\/span><\/em><\/p>\n<p><em>Nel terzo trimestre\u00a0il debito pubblico \u00e8 aumentato di 8,5 miliardi, a fronte di un calo di 4,5 registrato nel 2023. L&#8217;indebitamento \u00e8 in aumento di 12,4 miliardi, dovuti a una spesa per interessi di 21,6 miliardi, parzialmente compensata dall&#8217;avanzo primario per oltre 9 miliardi . <\/em><em><strong><br \/>\n<\/strong><\/em><\/p>\n<p><em>I dati annualizzati consentono di valutare la convergenza dei conti pubblici rispetto agli obiettivi fissati nel Piano strutturale di Bilancio.<br \/>\n<\/em><\/p>\n<p><em>L&#8217;avanzo primario continua ad essere ampiamente negativo e ben oltre l&#8217;obiettivo 2024 fissato in un&#8217;eccedenza delle entrate rispetto alle spese per 2,4 miliardi. Gli interessi passivi sono in linea con le previsioni e l&#8217;indebitamento starebbe ampiamente superando gli 83 miliardi\u00a0 previsti per l&#8217;anno in corso, ma l&#8217;extra deficit potrebbe in parte rientrare nell&#8217;ultimo trimestre.<br \/>\n<\/em><\/p>\n<p><em>Ai fini dei rapporti fondamentali di finanza pubblica, il Pil nominale annualizzato \u00e8 fortemente positivo, con un trend in rallentamento per la bassa crescita e il graduale venir meno dell&#8217;effetto inflazione.<br \/>\n<\/em><\/p>\n<p><em>Le prospettive dei conti pubblici per il 2024, dopo l&#8217;apertura della procedura di infrazione per deficit eccessivi avvenuta a met\u00e0 giugno, lasciano margini di incertezza sul raggiungimento degli obiettivi di fine anno.<\/em><\/p>\n<p><em><strong><span style=\"color: #ff6600;\">###################################################<\/span><\/strong><\/em><\/p>\n<p style=\"text-align: center;\"><span style=\"text-decoration: underline;\"><em><strong><span style=\"color: #0000ff; text-decoration: underline;\">Secondo trimestre 2024<\/span><\/strong><\/em><\/span><\/p>\n<p><strong>Dati trimestrali di finanza pubblica <\/strong>\u2013 2023 e primo semestre 2024 (milioni di euro)<br \/>\n<a href=\"http:\/\/www.francomostacci.it\/wp-content\/uploads\/2015\/01\/2024T2_ContiPA_T.png\"><img loading=\"lazy\" decoding=\"async\" class=\"alignnone size-full wp-image-7265\" src=\"http:\/\/www.francomostacci.it\/wp-content\/uploads\/2015\/01\/2024T2_ContiPA_T.png\" alt=\"2024T2_ContiPA_T\" width=\"712\" height=\"194\" \/><\/a><\/p>\n<p><strong>Dati trimestrali annualizzati(*) di finanza pubblica <\/strong>\u2013 2023 e\u00a0primo semestre 2024 (milioni di euro)<br \/>\n<a href=\"http:\/\/www.francomostacci.it\/wp-content\/uploads\/2015\/01\/2024T2_ContiPA_A.png\"><img loading=\"lazy\" decoding=\"async\" class=\"alignnone size-full wp-image-7266\" src=\"http:\/\/www.francomostacci.it\/wp-content\/uploads\/2015\/01\/2024T2_ContiPA_A.png\" alt=\"2024T2_ContiPA_A\" width=\"712\" height=\"212\" \/><\/a><br \/>\n<em><span style=\"font-size: x-small;\">(*)Il valore annualizzato \u00e8 la somma degli ultimi 4 trimestri (a T4 coincide con il dato annuale).<\/span><\/em><\/p>\n<p><em>Nel secondo trimestre il debito pubblico \u00e8 aumentato di 54 miliardi, 4 in meno del 2023. L&#8217;indebitamento \u00e8 in aumento di 17,4 miliardi, dovuti a una spesa per interessi di 24 miliardi, parzialmente compensata dall&#8217;avanzo primario per 6,6 miliardi . <\/em><em><strong><br \/>\n<\/strong><\/em><\/p>\n<p><em>I dati annualizzati consentono di valutare la convergenza dei conti pubblici rispetto agli obiettivi fissati nel Piano strutturale di Bilancio.<br \/>\n<\/em><\/p>\n<p><em>L&#8217;avanzo primario \u00e8 ampiamente negativo ed \u00e8 ben oltre l&#8217;obiettivo 2024 fissato in un&#8217;eccedenza delle entrate rispetto alle spese per 2,4 miliardi. Gli interessi passivi sono in linea con le previsioni e l&#8217;indebitamento starebbe ampiamente superando gli 83 miliardi\u00a0 previsti per l&#8217;anno in corso, ma l&#8217;extra deficit dovrebbe rientrare nei trimestri successivi.<br \/>\n<\/em><\/p>\n<p><em>Ai fini dei rapporti fondamentali di finanza pubblica, il Pil nominale annualizzato \u00e8 fortemente positivo, ma il trend potrebbe rallentare nella seconda met\u00e0 dell&#8217;anno, anche per il graduale venir meno dell&#8217;effetto inflazione.<br \/>\n<\/em><\/p>\n<p><em>Le prospettive dei conti pubblici per il 2024, dopo l&#8217;apertura della procedura di infrazione per deficit eccessivi avvenuta a met\u00e0 giugno, richiedono cautela per i mesi a venire.<\/em><\/p>\n<p><em><strong><span style=\"color: #ff6600;\">###################################################<\/span><\/strong><\/em><\/p>\n<p style=\"text-align: center;\"><span style=\"text-decoration: underline;\"><em><strong><span style=\"color: #0000ff; text-decoration: underline;\">Primo trimestre 2024<\/span><\/strong><\/em><\/span><\/p>\n<p><strong>Dati trimestrali di finanza pubblica <\/strong>\u2013 2023 e primo trimestre 2024 (milioni di euro)<br \/>\n<a href=\"http:\/\/www.francomostacci.it\/wp-content\/uploads\/2015\/01\/2024T1_ContiPA_T.png\"><img loading=\"lazy\" decoding=\"async\" class=\"alignnone size-full wp-image-7023\" src=\"http:\/\/www.francomostacci.it\/wp-content\/uploads\/2015\/01\/2024T1_ContiPA_T.png\" alt=\"2024T1_ContiPA_T\" width=\"712\" height=\"176\" \/><\/a><\/p>\n<p><strong>Dati trimestrali annualizzati(*) di finanza pubblica <\/strong>\u2013 2023 e primo trimestre 2024 (milioni di euro)<br \/>\n<a href=\"http:\/\/www.francomostacci.it\/wp-content\/uploads\/2015\/01\/2024T1_ContiPA_A.png\"><img loading=\"lazy\" decoding=\"async\" class=\"alignnone size-full wp-image-7024\" src=\"http:\/\/www.francomostacci.it\/wp-content\/uploads\/2015\/01\/2024T1_ContiPA_A.png\" alt=\"2024T1_ContiPA_A\" width=\"712\" height=\"194\" \/><\/a><br \/>\n<em><span style=\"font-size: x-small;\">(*)Il valore annualizzato \u00e8 la somma degli ultimi 4 trimestri (a T4 coincide con il dato annuale).<\/span><\/em><\/p>\n<p><em>Nel primo trimestre il debito pubblico \u00e8 aumentato di 30,7 miliardi, in linea con i 33 del 2023. L&#8217;indebitamento \u00e8 in aumento di 45 miliardi, a causa del maggiore disavanzo primario che ha raggiunto i 27 miliardi, mentre \u00e8 in aumento la spesa per interessi. <\/em><em><strong><br \/>\n<\/strong><\/em><\/p>\n<p><em>I dati annualizzati consentono di valutare la convergenza dei conti pubblici rispetto agli obiettivi fissati nel Def (che sicuramente saranno rivisti a settembre).<br \/>\n<\/em><\/p>\n<p><em>L&#8217;avanzo primario \u00e8 ampiamente negativo ed \u00e8 ben oltre l&#8217;obiettivo 2024 per ora fissato in un&#8217;eccedenza della spesa rispetto alle entrate per appena 9 miliardi (l&#8217;Italia non ha ancora incassato la prevista quinta rata di finanziamento del Pnrr). Gli interessi passivi sono in linea con le previsioni e l&#8217;indebitamento starebbe ampiamente superando i 94 miliardi\u00a0 previsti per l&#8217;anno in corso, ma l&#8217;extra deficit dovrebbe rientrare nei trimestri successivi.<br \/>\n<\/em><\/p>\n<p><em>Ai fini dei rapporti fondamentali di finanza pubblica, il Pil nominale annualizzato \u00e8 fortemente positivo, ma il trend potrebbe rallentare a partire dal prossimo trimestre, anche per il graduale venir meno dell&#8217;effetto inflazione.<br \/>\n<\/em><\/p>\n<p><em>Le prospettive dei conti pubblici per il 2024, dopo l&#8217;apertura della procedura di infrazione per deficit eccessivi avvenuta a met\u00e0 giugno e in attesa dell&#8217;entrata in vigore del nuovo Patto di Stabilit\u00e0 e Crescita, non possono essere delineate a partire dai numeri conseguiti nel primo trimestre che risentono di diversi fattori destinati a mutare in corso d&#8217;anno.<\/em><\/p>\n<p><em><strong><span style=\"color: #ff6600;\">###################################################<\/span><\/strong><\/em><\/p>\n<p style=\"text-align: center;\"><span style=\"text-decoration: underline;\"><em><strong><span style=\"color: #0000ff; text-decoration: underline;\">Quarto trimestre 2023<\/span><\/strong><\/em><\/span><\/p>\n<p><strong>Dati trimestrali di finanza pubblica <\/strong>\u2013 2022 e 2023 (milioni di euro)<br \/>\n<a href=\"http:\/\/www.francomostacci.it\/wp-content\/uploads\/2015\/01\/2023T4_ContiPAt.png\"><img loading=\"lazy\" decoding=\"async\" class=\"alignnone size-full wp-image-6841\" src=\"http:\/\/www.francomostacci.it\/wp-content\/uploads\/2015\/01\/2023T4_ContiPAt.png\" alt=\"2023T4_ContiPAt\" width=\"712\" height=\"230\" \/><\/a><\/p>\n<p><strong>Dati trimestrali annualizzati(*) di finanza pubblica <\/strong>\u2013 2022 e 2023 (milioni di euro)<br \/>\n<a href=\"http:\/\/www.francomostacci.it\/wp-content\/uploads\/2015\/01\/2023T4_ContiPAa.png\"><img loading=\"lazy\" decoding=\"async\" class=\"alignnone size-full wp-image-6842\" src=\"http:\/\/www.francomostacci.it\/wp-content\/uploads\/2015\/01\/2023T4_ContiPAa.png\" alt=\"2023T4_ContiPAa\" width=\"712\" height=\"248\" \/><\/a><br \/>\n<em><span style=\"font-size: x-small;\">(*)Il valore annualizzato \u00e8 la somma degli ultimi 4 trimestri (a T4 coincide con il dato annuale).<\/span><\/em><\/p>\n<p><em><strong><span style=\"color: #ff6600;\">###################################################<\/span><\/strong><\/em><\/p>\n<p style=\"text-align: center;\"><span style=\"text-decoration: underline;\"><em><strong><span style=\"color: #0000ff; text-decoration: underline;\">Terzo trimestre 2023<\/span><\/strong><\/em><\/span><\/p>\n<p><strong>Dati trimestrali di finanza pubblica <\/strong>\u2013 2022 e primi tre trimestri 2023 (milioni di euro)<br \/>\n<a href=\"http:\/\/www.francomostacci.it\/wp-content\/uploads\/2015\/01\/2023T3_ContiPAt.png\"><img loading=\"lazy\" decoding=\"async\" class=\"alignnone size-full wp-image-6686\" src=\"http:\/\/www.francomostacci.it\/wp-content\/uploads\/2015\/01\/2023T3_ContiPAt.png\" alt=\"2023T3_ContiPAt\" width=\"712\" height=\"212\" \/><\/a><\/p>\n<p><strong>Dati trimestrali annualizzati(*) di finanza pubblica <\/strong>\u2013 2022 e primi tre trimestri 2023 (milioni di euro)<br \/>\n<a href=\"http:\/\/www.francomostacci.it\/wp-content\/uploads\/2015\/01\/2023T3_ContiPAa.png\"><img loading=\"lazy\" decoding=\"async\" class=\"alignnone size-full wp-image-6687\" src=\"http:\/\/www.francomostacci.it\/wp-content\/uploads\/2015\/01\/2023T3_ContiPAa.png\" alt=\"2023T3_ContiPAa\" width=\"712\" height=\"230\" \/><\/a><br \/>\n<em><span style=\"font-size: x-small;\">(*)Il valore annualizzato \u00e8 la somma degli ultimi 4 trimestri (a T4 coincide con il dato annuale).<\/span><\/em><\/p>\n<p><em>Nel terzo trimestre il debito pubblico \u00e8 sceso di 4,5 miliardi, ben poco rispetto ai 32 del corrispondente trimestre 2022. L&#8217;indebitamento \u00e8 stato di 25 miliardi, 20 in meno dello scorso anno, per il miglioramento del disavanzo primario, mentre \u00e8 stabile la spesa per interessi. <\/em><em><strong><br \/>\n<\/strong><\/em><\/p>\n<p><em>I dati annualizzati consentono di valutare la convergenza dei conti pubblici rispetto agli obiettivi fissati nella nota di aggiornamento al Def.<br \/>\n<\/em><\/p>\n<p><em>L&#8217;avanzo primario \u00e8 ampiamente negativo ed \u00e8 ben oltre l&#8217;obiettivo 2023 per ora fissato in un&#8217;eccedenza della spesa rispetto alle entrate per 27,9 miliardi (l&#8217;Italia ha incassato la prevista terza rata di finanziamento del Pnrr solo ad ottobre). Gli interessi passivi sono maggiori delle previsioni e l&#8217;indebitamento starebbe ampiamente superando i 106 miliardi previsti per l&#8217;anno in corso (quasi 20 in pi\u00f9 di quanto stimato ad aprile a causa soprattutto dei crediti fiscali per i bonus edilizi).<br \/>\n<\/em><\/p>\n<p><em>Ai fini dei rapporti fondamentali di finanza pubblica, il Pil nominale annualizzato \u00e8 positivo per 108 miliardi e l&#8217;obiettivo finale di 104 miliardi potrebbe essere conseguito.<br \/>\n<\/em><\/p>\n<p><em>Alla luce dei numeri dei primi nove mesi del 2023, durante il quale prosegue la sospensione dei vincoli di bilancio previsti dal Patto di Stabilit\u00e0 e Crescita,\u00a0 le prospettive dei conti pubblici si confermano poco rassicuranti.<\/em><\/p>\n<p><em><strong><span style=\"color: #ff6600;\">###################################################<\/span><\/strong><\/em><\/p>\n<p style=\"text-align: center;\"><span style=\"text-decoration: underline;\"><em><strong><span style=\"color: #0000ff; text-decoration: underline;\">Secondo trimestre 2023<\/span><\/strong><\/em><\/span><\/p>\n<p><strong>Dati trimestrali di finanza pubblica <\/strong>\u2013 2022 e primo semestre 2023 (milioni di euro)<br \/>\n<a href=\"http:\/\/www.francomostacci.it\/wp-content\/uploads\/2015\/01\/2023T2_ContiPAt.png\"><img loading=\"lazy\" decoding=\"async\" class=\"alignnone size-full wp-image-6534\" src=\"http:\/\/www.francomostacci.it\/wp-content\/uploads\/2015\/01\/2023T2_ContiPAt.png\" alt=\"2023T2_ContiPAt\" width=\"694\" height=\"188\" \/><\/a><\/p>\n<p><strong>Dati trimestrali annualizzati(*) di finanza pubblica <\/strong>\u2013 2022 e primo semestre 2023 (milioni di euro)<br \/>\n<a href=\"http:\/\/www.francomostacci.it\/wp-content\/uploads\/2015\/01\/2023T2_ContiPAa.png\"><img loading=\"lazy\" decoding=\"async\" class=\"alignnone size-full wp-image-6535\" src=\"http:\/\/www.francomostacci.it\/wp-content\/uploads\/2015\/01\/2023T2_ContiPAa.png\" alt=\"2023T2_ContiPAa\" width=\"694\" height=\"205\" \/><\/a><br \/>\n<em><span style=\"font-size: x-small;\">(*)Il valore annualizzato \u00e8 la somma degli ultimi 4 trimestri (a T4 coincide con il dato annuale).<\/span><\/em><\/p>\n<p><em>Nel secondo trimestre il debito pubblico \u00e8 aumentato di 58 miliardi, molto pi\u00f9 dei 13,7 del 2022. L&#8217;indebitamento \u00e8 stato di 27 miliardi, in linea con lo scorso anno, essendo simili anche il disavanzo primario e la spesa per interessi. <\/em><em><strong><br \/>\n<\/strong><\/em><\/p>\n<p><em>I dati annualizzati consentono di valutare la convergenza dei conti pubblici rispetto agli obiettivi fissati nella nota di aggiornamento al Def.<br \/>\n<\/em><\/p>\n<p><em>L&#8217;avanzo primario \u00e8 ampiamente negativo ed \u00e8 ben oltre l&#8217;obiettivo 2023 per ora fissato in un&#8217;eccedenza della spesa rispetto alle entrate per 27,9 miliardi (l&#8217;Italia non ha incassato la prevista terza rata di finanziamento del Pnrr). Gli interessi passivi sono maggiori delle previsioni e l&#8217;indebitamento starebbe ampiamente superando i 106 miliardi previsti per l&#8217;anno in corso (quasi 20 in pi\u00f9 di quanto stimato ad aprile a causa soprattutto dei crediti fiscali per i bonus edilizi).<br \/>\n<\/em><\/p>\n<p><em>Ai fini dei rapporti fondamentali di finanza pubblica, il Pil nominale annualizzato \u00e8 positivo, ma il trend potrebbe rallentare nella seconda met\u00e0 dell&#8217;anno.<br \/>\n<\/em><\/p>\n<p><em>Alla luce dei numeri del primo semestre 2023, durante il quale prosegue la sospensione dei vincoli di bilancio previsti dal Patto di Stabilit\u00e0 e Crescita,\u00a0 le prospettive dei conti pubblici non sono molto rassicuranti.<\/em><\/p>\n<p><em><strong><span style=\"color: #ff6600;\">###################################################<\/span><\/strong><\/em><\/p>\n<p style=\"text-align: center;\"><span style=\"text-decoration: underline;\"><em><strong><span style=\"color: #0000ff; text-decoration: underline;\">Primo trimestre 2023<\/span><\/strong><\/em><\/span><\/p>\n<p><strong>Dati trimestrali di finanza pubblica <\/strong>\u2013 2022 e primo trimestre 2023 (milioni di euro)<br \/>\n<a href=\"http:\/\/www.francomostacci.it\/wp-content\/uploads\/2015\/01\/2023T1_ContiPAt.png\"><img loading=\"lazy\" decoding=\"async\" class=\"alignnone size-full wp-image-6475\" src=\"http:\/\/www.francomostacci.it\/wp-content\/uploads\/2015\/01\/2023T1_ContiPAt.png\" alt=\"2023T1_ContiPAt\" width=\"712\" height=\"177\" \/><\/a><\/p>\n<p><strong>Dati trimestrali annualizzati(*) di finanza pubblica <\/strong>\u2013 2022 e primo trimestre 2023 (milioni di euro)<br \/>\n<a href=\"http:\/\/www.francomostacci.it\/wp-content\/uploads\/2015\/01\/2023T1_ContiPAa.png\"><img loading=\"lazy\" decoding=\"async\" class=\"alignnone size-full wp-image-6476\" src=\"http:\/\/www.francomostacci.it\/wp-content\/uploads\/2015\/01\/2023T1_ContiPAa.png\" alt=\"2023T1_ContiPAa\" width=\"712\" height=\"195\" \/><\/a><br \/>\n<em><span style=\"font-size: x-small;\">(*)Il valore annualizzato \u00e8 la somma degli ultimi 4 trimestri (a T4 coincide con il dato annuale).<\/span><\/em><\/p>\n<p><em>Nel primo trimestre il debito pubblico \u00e8 aumentato di 32,6 miliardi, molto meno dei 77,6 del 2022. Rispetto allo scorso anno, per\u00f2, a gennaio non \u00e8 stata ricostituita la liquidit\u00e0 di cassa, che si riflette nei flussi finanziari. L&#8217;indebitamento \u00e8 in aumento di 7,5 miliardi, a causa del maggiore disavanzo primario che ha raggiunto i 42,4 miliardi, mentre \u00e8 in discesa la spesa per interessi. <\/em><em><strong><br \/>\n<\/strong><\/em><\/p>\n<p><em>I dati annualizzati consentono di valutare la convergenza dei conti pubblici rispetto agli obiettivi fissati nel Def (che sicuramente saranno rivisti a settembre).<br \/>\n<\/em><\/p>\n<p><em>L&#8217;avanzo primario \u00e8 ampiamente negativo ed \u00e8 ben oltre l&#8217;obiettivo 2023 per ora fissato in un&#8217;eccedenza della spesa rispetto alle entrate per appena 12,2 miliardi (l&#8217;Italia non ha incassato la prevista terza rata di finanziamento del Pnrr). Gli interessi passivi sono maggiori delle previsioni e l&#8217;indebitamento starebbe ampiamente superando gli 87,8 miliardi\u00a0 previsti per l&#8217;anno in corso.<br \/>\n<\/em><\/p>\n<p><em>Ai fini dei rapporti fondamentali di finanza pubblica, il Pil nominale annualizzato \u00e8 fortemente positivo, ma il trend potrebbe rallentare a partire dal prossimo trimestre.<br \/>\n<\/em><\/p>\n<p><em>Le prospettive dei conti pubblici per il 2023, durante il quale prosegue la sospensione dei vincoli di bilancio previsti dal Patto di Stabilit\u00e0 e Crescita, non possono essere delineate a partire dai numeri conseguiti nel primo trimestre che risentono di diversi fattori destinati a mutare in corso d&#8217;anno.<\/em><\/p>\n<p><em><strong><span style=\"color: #ff6600;\">###################################################<\/span><\/strong><\/em><\/p>\n<p><strong><a href=\"http:\/\/www.francomostacci.it\/wp-content\/uploads\/2020\/10\/ContipubbliciT2022.pdf\" target=\"_blank\">Conti pubblici trimestrali &#8211; Anno 2022<\/a><br \/>\n<a href=\"http:\/\/www.francomostacci.it\/wp-content\/uploads\/2015\/01\/ContipubbliciT2021.pdf\" target=\"_blank\">Conti pubblici trimestrali &#8211; Anno 2021<\/a><br \/>\n<a href=\"http:\/\/www.francomostacci.it\/wp-content\/uploads\/2015\/01\/ContipubbliciT2020.pdf\" target=\"_blank\">Conti pubblici trimestrali &#8211; Anno 2020<\/a><br \/>\n<a href=\"http:\/\/www.francomostacci.it\/wp-content\/uploads\/2015\/01\/ContipubbliciT2019.pdf\" target=\"_blank\">Conti pubblici trimestrali &#8211; Anno 2019<\/a><\/strong><br \/>\n<a href=\"http:\/\/www.francomostacci.it\/wp-content\/uploads\/2015\/01\/ContipubbliciT2018.pdf\" target=\"_blank\"><strong>Conti pubblici trimestrali &#8211; Anno 2018<\/strong><\/a><br \/>\n<a href=\"http:\/\/www.francomostacci.it\/wp-content\/uploads\/2015\/01\/ContipubbliciT2017.pdf\" target=\"_blank\"><strong>Conti pubblici trimestrali &#8211; Anno 2017<\/strong><\/a><br \/>\n<a href=\"http:\/\/www.francomostacci.it\/wp-content\/uploads\/2015\/01\/ContipubbliciT2016.pdf\" target=\"_blank\"><strong>Conti pubblici trimestrali &#8211; Anno 2016<\/strong><\/a><br \/>\n<a href=\"http:\/\/www.francomostacci.it\/wp-content\/uploads\/2015\/01\/ContipubbliciT2015.pdf\" target=\"_blank\"><strong>Conti pubblici trimestrali &#8211; Anno 2015<\/strong><\/a><br \/>\n<strong><a href=\"http:\/\/www.francomostacci.it\/wp-content\/uploads\/2015\/01\/ContipubbliciT2014.pdf\" target=\"_blank\">Conti pubblici trimestrali &#8211; Anno 2014<\/a><\/strong>\t\t<\/p>\n","protected":false},"excerpt":{"rendered":"<p>(aggiornato il 4 gennaio 2025) Fonte: Istat Terzo trimestre 2024 Dati trimestrali di finanza pubblica \u2013 2023 e\u00a0primi tre trimestri 2024 (milioni di euro) Dati trimestrali annualizzati(*) di finanza pubblica \u2013 2023 e\u00a0primi tre trimestri 2024 (milioni di euro) (*)Il valore annualizzato \u00e8 la somma degli ultimi 4 trimestri (a T4 coincide con il dato [&hellip;]<\/p>\n","protected":false},"author":1,"featured_media":0,"parent":0,"menu_order":0,"comment_status":"closed","ping_status":"closed","template":"","meta":{"_et_pb_use_builder":"","_et_pb_old_content":"","_et_gb_content_width":"","footnotes":""},"class_list":["post-873","page","type-page","status-publish","hentry"],"_links":{"self":[{"href":"https:\/\/franco2.linkvalidation.net\/index.php\/wp-json\/wp\/v2\/pages\/873","targetHints":{"allow":["GET"]}}],"collection":[{"href":"https:\/\/franco2.linkvalidation.net\/index.php\/wp-json\/wp\/v2\/pages"}],"about":[{"href":"https:\/\/franco2.linkvalidation.net\/index.php\/wp-json\/wp\/v2\/types\/page"}],"author":[{"embeddable":true,"href":"https:\/\/franco2.linkvalidation.net\/index.php\/wp-json\/wp\/v2\/users\/1"}],"replies":[{"embeddable":true,"href":"https:\/\/franco2.linkvalidation.net\/index.php\/wp-json\/wp\/v2\/comments?post=873"}],"version-history":[{"count":0,"href":"https:\/\/franco2.linkvalidation.net\/index.php\/wp-json\/wp\/v2\/pages\/873\/revisions"}],"wp:attachment":[{"href":"https:\/\/franco2.linkvalidation.net\/index.php\/wp-json\/wp\/v2\/media?parent=873"}],"curies":[{"name":"wp","href":"https:\/\/api.w.org\/{rel}","templated":true}]}}