{"id":966,"date":"2015-03-02T21:25:45","date_gmt":"2015-03-02T20:25:45","guid":{"rendered":"http:\/\/www.francomostacci.it\/?page_id=966"},"modified":"2015-03-02T21:25:45","modified_gmt":"2015-03-02T20:25:45","slug":"conti-pubblici-annuali","status":"publish","type":"page","link":"https:\/\/franco2.linkvalidation.net\/index.php\/conti-pubblici-annuali\/","title":{"rendered":"Conti pubblici annuali"},"content":{"rendered":"<p>\t\t\t\t(aggiornato il 1 aprile 2024)<\/p>\n<p><em>Fonte:<\/em> <a href=\"https:\/\/www.istat.it\/it\/archivio\/239144\" target=\"_blank\"><strong>Istat<\/strong><\/a>, <strong><a href=\"http:\/\/www.mef.gov.it\/doc-finanza-pubblica\/def\/index.html\" target=\"_blank\">Ministero dell\u2019Economia<\/a><\/strong> e <a href=\"http:\/\/www.bancaditalia.it\/statistiche\/tematiche\/finanza-pubblica\/debito\/index.html\" target=\"_blank\"><strong>Banca d&#8217;Italia<\/strong><\/a><\/p>\n<p style=\"text-align: center;\"><em><strong><span style=\"color: #ff6600;\"><span style=\"text-decoration: underline;\"><span style=\"color: #0000ff; text-decoration: underline;\">Anno 2023<\/span><\/span><\/span><\/strong><\/em><\/p>\n<p><strong>Principali<\/strong> <strong>indicatori di finanza pubblica &#8211; Anni 2019-2023<\/strong> <em>(milioni di euro e valori percentuali)<br \/>\n<\/em><a href=\"http:\/\/www.francomostacci.it\/wp-content\/uploads\/2015\/03\/2023_cn_tavsaldi.png\"><img loading=\"lazy\" decoding=\"async\" class=\"alignnone size-full wp-image-6746\" src=\"http:\/\/www.francomostacci.it\/wp-content\/uploads\/2015\/03\/2023_cn_tavsaldi.png\" alt=\"2023_cn_tavsaldi\" width=\"718\" height=\"363\" \/><\/a><br \/>\n<strong><br \/>\nRevisione del Pil nominale\u00a0 &#8211; Anni 2016-2023<\/strong> (milioni di euro)<br \/>\n<a href=\"http:\/\/www.francomostacci.it\/wp-content\/uploads\/2015\/03\/2023_cn_revpil.png\"><img loading=\"lazy\" decoding=\"async\" class=\"alignnone size-full wp-image-6747\" src=\"http:\/\/www.francomostacci.it\/wp-content\/uploads\/2015\/03\/2023_cn_revpil.png\" alt=\"2023_cn_revpil\" width=\"900\" height=\"491\" \/><\/a><br \/>\n<strong>Revisione della spesa per consumi della pubblica amministrazione &#8211; Anni\u00a02016-2023<\/strong> (milioni di euro)<br \/>\n<a href=\"http:\/\/www.francomostacci.it\/wp-content\/uploads\/2015\/03\/2023_cn_revspesapa.png\"><img loading=\"lazy\" decoding=\"async\" class=\"alignnone size-full wp-image-6748\" src=\"http:\/\/www.francomostacci.it\/wp-content\/uploads\/2015\/03\/2023_cn_revspesapa.png\" alt=\"2023_cn_revspesapa\" width=\"900\" height=\"490\" \/><\/a><\/p>\n<p><strong>Revisione degli occupati per unit\u00e0 di lavoro &#8211; Anni <\/strong><strong>2016-2023<\/strong> (milioni di euro)<br \/>\n<a href=\"http:\/\/www.francomostacci.it\/wp-content\/uploads\/2015\/03\/2023_cn_revula.png\"><img loading=\"lazy\" decoding=\"async\" class=\"alignnone size-full wp-image-6749\" src=\"http:\/\/www.francomostacci.it\/wp-content\/uploads\/2015\/03\/2023_cn_revula.png\" alt=\"2023_cn_revula\" width=\"900\" height=\"491\" \/><\/a><\/p>\n<p><strong>Revisione della pressione fiscale &#8211; Anni\u00a02016-2023<\/strong> (milioni di euro)<br \/>\n<a href=\"http:\/\/www.francomostacci.it\/wp-content\/uploads\/2015\/03\/2023_cn_revpressfisc.png\"><img loading=\"lazy\" decoding=\"async\" class=\"alignnone size-full wp-image-6750\" src=\"http:\/\/www.francomostacci.it\/wp-content\/uploads\/2015\/03\/2023_cn_revpressfisc.png\" alt=\"2023_cn_revpressfisc\" width=\"900\" height=\"490\" \/><\/a><\/p>\n<p><strong>Il debito pubblico rispetto al Pil &#8211; Anni 2010-2023<\/strong> (valori percentuali)<em><br \/>\n<a href=\"http:\/\/www.francomostacci.it\/wp-content\/uploads\/2015\/03\/2023_cn_debitopil.png\"><img loading=\"lazy\" decoding=\"async\" class=\"alignnone size-large wp-image-6751\" src=\"http:\/\/www.francomostacci.it\/wp-content\/uploads\/2015\/03\/2023_cn_debitopil-1024x607.png\" alt=\"2023_cn_debitopil\" width=\"474\" height=\"280\" \/><\/a><br \/>\n<\/em><\/p>\n<p><em><strong>Formazione del debito pubblico, flussi (scala sx) e stock (scala dx)- Anni 1960-2023<\/strong> (milioni di euro)<br \/>\n<a href=\"http:\/\/www.francomostacci.it\/wp-content\/uploads\/2015\/03\/2023_cn_debitoform.png\"><img loading=\"lazy\" decoding=\"async\" class=\"alignnone size-large wp-image-6752\" src=\"http:\/\/www.francomostacci.it\/wp-content\/uploads\/2015\/03\/2023_cn_debitoform-1024x605.png\" alt=\"2023_cn_debitoform\" width=\"474\" height=\"280\" \/><\/a><br \/>\n<\/em><\/p>\n<p><em><strong>Sostenibilit\u00e0 del debito pubblico &#8211; Anni 1960-2023<\/strong> (valori percentuali)<br \/>\n<a href=\"http:\/\/www.francomostacci.it\/wp-content\/uploads\/2015\/03\/2023_cn_debitosost.png\"><img loading=\"lazy\" decoding=\"async\" class=\"alignnone size-large wp-image-6753\" src=\"http:\/\/www.francomostacci.it\/wp-content\/uploads\/2015\/03\/2023_cn_debitosost-1024x610.png\" alt=\"2023_cn_debitosost\" width=\"474\" height=\"282\" \/><\/a><br \/>\n<span style=\"font-size: xx-small;\">Nota: La soglia convenzionale \u00e8 quella che garantisce l&#8217;invarianza del debito. Valori dell&#8217;indebitamento\/Pil al di sotto della soglia indicano una situazione di non sostenibilit\u00e0 (aumento del debito pubblico\/Pil)<\/span><\/em><\/p>\n<p><em><strong>Scomposizione della variazione del debito pubblico &#8211; Anni 1990-2023<\/strong> (valori percentuali)<br \/>\n<a href=\"http:\/\/www.francomostacci.it\/wp-content\/uploads\/2015\/03\/2023_cn_debitoscomp.png\"><img loading=\"lazy\" decoding=\"async\" class=\"alignnone size-large wp-image-6754\" src=\"http:\/\/www.francomostacci.it\/wp-content\/uploads\/2015\/03\/2023_cn_debitoscomp-1024x701.png\" alt=\"2023_cn_debitoscomp\" width=\"474\" height=\"324\" \/><\/a><br \/>\n<strong>Scomposizione della componente &#8216;snow ball&#8217; della variazione del debito pubblico &#8211; Anni 1990-2023<\/strong> (valori percentuali)<br \/>\n<a href=\"http:\/\/www.francomostacci.it\/wp-content\/uploads\/2015\/03\/2023_cn_debitosnowball.png\"><img loading=\"lazy\" decoding=\"async\" class=\"alignnone size-large wp-image-6755\" src=\"http:\/\/www.francomostacci.it\/wp-content\/uploads\/2015\/03\/2023_cn_debitosnowball-1024x865.png\" alt=\"2023_cn_debitosnowball\" width=\"474\" height=\"400\" \/><\/a><br \/>\n<\/em><\/p>\n<p>Anche nel 2023, l&#8217;ultimo di anno di sospensione delle regole del Patto di Stabilit\u00e0 e Crescita, i conti pubblici hanno fatto registrare un marginale miglioramento degli indicatori fondamentali.<\/p>\n<p>L&#8217;<span style=\"color: #0000ff;\"><strong>indebitamento netto<\/strong><\/span> ha sfiorato i 150 miliardi di euro (erano 27 nel 2019) il 7,2% del Pil (2 punti pi\u00f9 di quanto stimato nella NaDef). Il dato \u00e8 particolarmente elevato perch\u00e8 sono stati attribuiti per intero all&#8217;anno in cui \u00e8 stata effettuata la spesa, le uscite in conto capitale per il &#8220;Superbonus 110%&#8221; e per il &#8220;Bonus facciate&#8221;.<br \/>\nRispetto alla Nota di aggiornamento al Def dello scorso settembre (quadro tendenziale), sono state registrate maggiori entrate per oltre 15 miliardi, di cui 11,5 di imposte dirette, e 4,3 di imposte indirette, con la pressione fiscale stabile al 42,5% per il contemporaneo incremento del Pil nominale. Le uscite sono, per\u00f2, superiori di 58,5 miliardi, in gran parte dovuti, per quanto detto sopra, ai contributi in conto capitale (+46 miliardi).<\/p>\n<p>Ancora fortemente negativo per oltre 70 miliardi l&#8217;<span style=\"color: #0000ff;\"><strong>avanzo primario<\/strong><\/span> mentre la <span style=\"color: #0000ff;\"><strong>spesa per interessi<\/strong><\/span> \u00e8 stata di 78 miliardi, 5 in meno dello scorso anno, per il minore esborso relativo ai titoli indicizzati all&#8217;inflazione.<\/p>\n<p>Anche il <span style=\"color: #0000ff;\"><strong>debito pubblico<\/strong><\/span> ha sub\u00ecto un aumento considerevole (105 miliardi, 8 in meno di quelli previsti nella NaDef), ma migliora di oltre 3 punti\u00a0rispetto al 2022 il rapporto debito\/Pil (137,3%).<\/p>\n<p><span style=\"color: #000000;\">Il numero di <span style=\"color: #0000ff;\"><strong>occupati a tempo pieno<\/strong><\/span> (Ula) \u00e8 passato da 24,1 milioni del 2022 a 24,9 milioni nel 2023 (+2,2%) ed \u00e8 ora ampiamente superiore al livello pre pandemia del 2019.<\/span><\/p>\n<p><span style=\"color: #000000;\">Invariata nel 2023, come detto, la <span style=\"color: #0000ff;\"><strong>pressione fiscale<\/strong><\/span>, nonostante l&#8217;aumento sia del gettito tributario che di quello contributivo.<\/span><\/p>\n<p><span style=\"color: #000000;\">La formazione del debito pubblico nel corso degli anni \u00e8 dovuta in gran parte (ed esclusivamente dagli anni &#8217;90 ad oggi) alla spesa per interessi, che vanifica ogni sforzo di riduzione, anche negli anni in cui si \u00e8 registrato un forte avanzo primario (fino al 2019). All&#8217;indebitamento che si viene cos\u00ec a creare si aggiungono spesso ulteriori oneri di natura finanziaria (tra cui la spesa per i contratti derivati sui titoli di Stato). Nel 2023 la variazione del debito (105 miliardi di euro) \u00e8 dovuta all&#8217;indebitamento (149 miliardi), mentre i flussi finanziari, positivi per 44 miliardi, hanno contribuito a contenere l&#8217;aumento.<br \/>\n<\/span><\/p>\n<p>L&#8217;Italia ha speso a tutto il 2023 45,6 miliardi per i progetti del Pnrr, a fronte di 102 miliardi ricevuti dalla UE per sussidi e prestiti. La differenza di circa 56 miliardi \u00e8 stata presumibilmente utilizzata per far fronte ad altre tipologie di spesa, che altrimenti sarebbero state finanziate a debito. In tal modo si \u00e8 venuto a generare un ulteriore fardello che avr\u00e0 i suoi effetti negli anni a venire.<\/p>\n<p><span style=\"color: #000000;\">Dopo il tonfo del 2020, la <span style=\"color: #0000ff;\"><a style=\"color: #0000ff;\" href=\"http:\/\/www.francomostacci.it\/wp-content\/uploads\/2015\/03\/algebra_sostenibilita.pdf\" target=\"_blank\"><strong>sostenibilit\u00e0 del debito pubblico<\/strong><\/a><\/span>, intesa come invarianza rispetto all&#8217;anno precedente relativamente al Pil, \u00e8 in netto recupero, ma ancora in negativo nel 2023 (il rapporto indebitamento\/Pil \u00e8 inferiore alla soglia convenzionale).<\/span><\/p>\n<p><span style=\"color: #000000;\">L&#8217;analisi dei contributi alla variazione del debito (-3,2 punti percentuali di Pil nel 2023), mostra che \u00e8 stata determinata dal cosiddetto effetto <em>snow ball<\/em> (-4,5 punti) e dal raccordo disavanzo\/debito (-2,1 punti), mentre il disavanzo primario ha contribuito in senso opposto (+3,4 punti).<\/span><br \/>\n<span style=\"color: #000000;\"> La riduzione del debito per l&#8217;effetto <em>snow ball<\/em> (-4,5%) \u00e8 dovuta all&#8217;inflazione (-7%) e alla crescita del Pil (-1,3%), ma \u00e8 stata ridotta dall&#8217;aumento della spesa per interessi nominali (+3,8%).<\/span><\/p>\n<p><strong><span style=\"color: #ff6600;\">###################################################<\/span><\/strong><\/p>\n<p><strong><a href=\"http:\/\/www.francomostacci.it\/wp-content\/uploads\/2020\/10\/ContipubbliciA2022.pdf\" target=\"_blank\">Conti pubblici annuali &#8211; Anno 2022<br \/>\n<\/a><a href=\"http:\/\/www.francomostacci.it\/wp-content\/uploads\/2015\/03\/ContipubbliciA2021.pdf\" target=\"_blank\">Conti pubblici annuali &#8211; Anno 2021<\/a><br \/>\n<a href=\"http:\/\/www.francomostacci.it\/wp-content\/uploads\/2015\/03\/ContipubbliciA2020.pdf\" target=\"_blank\">Conti pubblici annuali &#8211; Anno 2020<\/a><\/strong><br \/>\n<a href=\"http:\/\/www.francomostacci.it\/wp-content\/uploads\/2015\/03\/ContipubbliciA2019.pdf\"><strong>Conti pubblici annuali &#8211; Anno 2019<\/strong><\/a><br \/>\n<a href=\"http:\/\/www.francomostacci.it\/wp-content\/uploads\/2015\/03\/ContipubbliciA2018.pdf\"><strong>Conti pubblici annuali &#8211; Anno 2018<\/strong><\/a><br \/>\n<a href=\"http:\/\/www.francomostacci.it\/wp-content\/uploads\/2015\/03\/ContipubbliciA2017.pdf\" target=\"_blank\"><strong>Conti pubblici annuali &#8211; Anno 2017<\/strong><\/a><br \/>\n<a href=\"http:\/\/www.francomostacci.it\/wp-content\/uploads\/2015\/03\/ContipubbliciA2016.pdf\" target=\"_blank\"><strong>Conti pubblici annuali &#8211; Anno 2016<\/strong><\/a><br \/>\n<a href=\"http:\/\/www.francomostacci.it\/wp-content\/uploads\/2015\/03\/ContipubbliciA2015.pdf\" target=\"_blank\"><strong>Conti pubblici annuali &#8211; Anno 2015<\/strong><\/a><br \/>\n<strong><a href=\"http:\/\/www.francomostacci.it\/wp-content\/uploads\/2015\/03\/ContipubbliciA2014.pdf\" target=\"_blank\">Conti pubblici annuali &#8211; Anno 2014<\/a><\/strong><\/p>\n<p>&nbsp;<\/p>\n<p>&nbsp;\t\t<\/p>\n","protected":false},"excerpt":{"rendered":"<p>(aggiornato il 1 aprile 2024) Fonte: Istat, Ministero dell\u2019Economia e Banca d&#8217;Italia Anno 2023 Principali indicatori di finanza pubblica &#8211; Anni 2019-2023 (milioni di euro e valori percentuali) Revisione del Pil nominale\u00a0 &#8211; Anni 2016-2023 (milioni di euro) Revisione della spesa per consumi della pubblica amministrazione &#8211; Anni\u00a02016-2023 (milioni di euro) Revisione degli occupati per [&hellip;]<\/p>\n","protected":false},"author":1,"featured_media":0,"parent":0,"menu_order":0,"comment_status":"closed","ping_status":"closed","template":"","meta":{"_et_pb_use_builder":"","_et_pb_old_content":"","_et_gb_content_width":"","footnotes":""},"class_list":["post-966","page","type-page","status-publish","hentry"],"_links":{"self":[{"href":"https:\/\/franco2.linkvalidation.net\/index.php\/wp-json\/wp\/v2\/pages\/966","targetHints":{"allow":["GET"]}}],"collection":[{"href":"https:\/\/franco2.linkvalidation.net\/index.php\/wp-json\/wp\/v2\/pages"}],"about":[{"href":"https:\/\/franco2.linkvalidation.net\/index.php\/wp-json\/wp\/v2\/types\/page"}],"author":[{"embeddable":true,"href":"https:\/\/franco2.linkvalidation.net\/index.php\/wp-json\/wp\/v2\/users\/1"}],"replies":[{"embeddable":true,"href":"https:\/\/franco2.linkvalidation.net\/index.php\/wp-json\/wp\/v2\/comments?post=966"}],"version-history":[{"count":0,"href":"https:\/\/franco2.linkvalidation.net\/index.php\/wp-json\/wp\/v2\/pages\/966\/revisions"}],"wp:attachment":[{"href":"https:\/\/franco2.linkvalidation.net\/index.php\/wp-json\/wp\/v2\/media?parent=966"}],"curies":[{"name":"wp","href":"https:\/\/api.w.org\/{rel}","templated":true}]}}